{"id":1053,"date":"2025-07-22T18:18:08","date_gmt":"2025-07-22T16:18:08","guid":{"rendered":"https:\/\/soizicseon.fr\/?page_id=1053"},"modified":"2025-07-30T18:54:24","modified_gmt":"2025-07-30T16:54:24","slug":"animation-dateliers","status":"publish","type":"page","link":"https:\/\/soizicseon.fr\/index.php\/animation-dateliers\/","title":{"rendered":"Animation d&rsquo;ateliers"},"content":{"rendered":"\t\t<div data-elementor-type=\"wp-page\" data-elementor-id=\"1053\" class=\"elementor elementor-1053\">\n\t\t\t\t\t\t\t\t\t<section class=\"elementor-section elementor-top-section elementor-element elementor-element-a365851 elementor-section-boxed elementor-section-height-default elementor-section-height-default\" data-id=\"a365851\" data-element_type=\"section\">\n\t\t\t\t\t\t<div class=\"elementor-container elementor-column-gap-default\">\n\t\t\t\t\t<div class=\"elementor-column elementor-col-100 elementor-top-column elementor-element elementor-element-5c9ded8\" data-id=\"5c9ded8\" data-element_type=\"column\">\n\t\t\t<div class=\"elementor-widget-wrap elementor-element-populated\">\n\t\t\t\t\t\t\t\t<div class=\"elementor-element elementor-element-a1981a0 elementor-widget elementor-widget-text-editor\" data-id=\"a1981a0\" data-element_type=\"widget\" data-widget_type=\"text-editor.default\">\n\t\t\t\t<div class=\"elementor-widget-container\">\n\t\t\t\t\t\t\t<h6><strong>\u00b7 STAGE \u00ab\u00a0Art et nature\u00a0\u00bb<\/strong><\/h6><p>C&rsquo;est le mariage de deux univers que j&rsquo;affectionne particuli\u00e8rement.<\/p><p>Au programme :\u00a0 fabrication de pigments v\u00e9g\u00e9taux et min\u00e9raux, combustion de fusains, tests d&rsquo;impressions v\u00e9g\u00e9tales selon les techniques de l&rsquo;anthotype, de l&rsquo;\u00e9coprint et du tatakizom\u00e9, taille de son kalam et travaux pratiques en pleine nature. Formation pour adultes en collaboration avec les <a href=\"https:\/\/www.euziere.fr\/\">\u00c9cologistes de l&rsquo;Euzi\u00e8re<\/a><\/p>\t\t\t\t\t\t<\/div>\n\t\t\t\t<\/div>\n\t\t\t\t\t<\/div>\n\t\t<\/div>\n\t\t\t\t\t\t\t<\/div>\n\t\t<\/section>\n\t\t\t\t<section class=\"elementor-section elementor-top-section elementor-element elementor-element-689c910 elementor-section-boxed elementor-section-height-default elementor-section-height-default\" data-id=\"689c910\" data-element_type=\"section\">\n\t\t\t\t\t\t<div class=\"elementor-container elementor-column-gap-default\">\n\t\t\t\t\t<div class=\"elementor-column elementor-col-33 elementor-top-column elementor-element elementor-element-ac81cbc\" data-id=\"ac81cbc\" data-element_type=\"column\">\n\t\t\t<div class=\"elementor-widget-wrap elementor-element-populated\">\n\t\t\t\t\t\t\t\t<div class=\"elementor-element elementor-element-3c95b3f elementor-widget elementor-widget-image\" data-id=\"3c95b3f\" data-element_type=\"widget\" data-widget_type=\"image.default\">\n\t\t\t\t<div class=\"elementor-widget-container\">\n\t\t\t\t\t\t\t\t\t\t\t\t\t\t\t<img decoding=\"async\" loading=\"lazy\" width=\"768\" height=\"1024\" src=\"https:\/\/soizicseon.fr\/wp-content\/uploads\/2025\/07\/stage-ecologistes-de-leuziere-soizic-seon-art-nature-1-768x1024.jpg\" class=\"attachment-large size-large wp-image-1057\" alt=\"\" srcset=\"https:\/\/soizicseon.fr\/wp-content\/uploads\/2025\/07\/stage-ecologistes-de-leuziere-soizic-seon-art-nature-1-768x1024.jpg 768w, https:\/\/soizicseon.fr\/wp-content\/uploads\/2025\/07\/stage-ecologistes-de-leuziere-soizic-seon-art-nature-1-225x300.jpg 225w, https:\/\/soizicseon.fr\/wp-content\/uploads\/2025\/07\/stage-ecologistes-de-leuziere-soizic-seon-art-nature-1-1152x1536.jpg 1152w, https:\/\/soizicseon.fr\/wp-content\/uploads\/2025\/07\/stage-ecologistes-de-leuziere-soizic-seon-art-nature-1-1536x2048.jpg 1536w, https:\/\/soizicseon.fr\/wp-content\/uploads\/2025\/07\/stage-ecologistes-de-leuziere-soizic-seon-art-nature-1-690x920.jpg 690w, https:\/\/soizicseon.fr\/wp-content\/uploads\/2025\/07\/stage-ecologistes-de-leuziere-soizic-seon-art-nature-1-980x1307.jpg 980w, https:\/\/soizicseon.fr\/wp-content\/uploads\/2025\/07\/stage-ecologistes-de-leuziere-soizic-seon-art-nature-1-scaled.jpg 1920w\" sizes=\"(max-width: 768px) 100vw, 768px\" \/>\t\t\t\t\t\t\t\t\t\t\t\t\t\t\t<\/div>\n\t\t\t\t<\/div>\n\t\t\t\t\t<\/div>\n\t\t<\/div>\n\t\t\t\t<div class=\"elementor-column elementor-col-33 elementor-top-column elementor-element elementor-element-01053d7\" data-id=\"01053d7\" data-element_type=\"column\">\n\t\t\t<div class=\"elementor-widget-wrap elementor-element-populated\">\n\t\t\t\t\t\t\t\t<div class=\"elementor-element elementor-element-1f11294 elementor-widget elementor-widget-image\" data-id=\"1f11294\" data-element_type=\"widget\" data-widget_type=\"image.default\">\n\t\t\t\t<div class=\"elementor-widget-container\">\n\t\t\t\t\t\t\t\t\t\t\t\t\t\t\t<img decoding=\"async\" loading=\"lazy\" width=\"768\" height=\"1024\" src=\"https:\/\/soizicseon.fr\/wp-content\/uploads\/2025\/07\/stage-ecologistes-de-leuziere-soizic-seon-art-nature-2-768x1024.jpg\" class=\"attachment-large size-large wp-image-1058\" alt=\"\" srcset=\"https:\/\/soizicseon.fr\/wp-content\/uploads\/2025\/07\/stage-ecologistes-de-leuziere-soizic-seon-art-nature-2-768x1024.jpg 768w, https:\/\/soizicseon.fr\/wp-content\/uploads\/2025\/07\/stage-ecologistes-de-leuziere-soizic-seon-art-nature-2-225x300.jpg 225w, https:\/\/soizicseon.fr\/wp-content\/uploads\/2025\/07\/stage-ecologistes-de-leuziere-soizic-seon-art-nature-2-1152x1536.jpg 1152w, https:\/\/soizicseon.fr\/wp-content\/uploads\/2025\/07\/stage-ecologistes-de-leuziere-soizic-seon-art-nature-2-1536x2048.jpg 1536w, https:\/\/soizicseon.fr\/wp-content\/uploads\/2025\/07\/stage-ecologistes-de-leuziere-soizic-seon-art-nature-2-690x920.jpg 690w, https:\/\/soizicseon.fr\/wp-content\/uploads\/2025\/07\/stage-ecologistes-de-leuziere-soizic-seon-art-nature-2-980x1307.jpg 980w, https:\/\/soizicseon.fr\/wp-content\/uploads\/2025\/07\/stage-ecologistes-de-leuziere-soizic-seon-art-nature-2-scaled.jpg 1920w\" sizes=\"(max-width: 768px) 100vw, 768px\" \/>\t\t\t\t\t\t\t\t\t\t\t\t\t\t\t<\/div>\n\t\t\t\t<\/div>\n\t\t\t\t\t<\/div>\n\t\t<\/div>\n\t\t\t\t<div class=\"elementor-column elementor-col-33 elementor-top-column elementor-element elementor-element-7d17e9a\" data-id=\"7d17e9a\" data-element_type=\"column\">\n\t\t\t<div class=\"elementor-widget-wrap elementor-element-populated\">\n\t\t\t\t\t\t\t\t<div class=\"elementor-element elementor-element-df0fd65 elementor-widget elementor-widget-image\" data-id=\"df0fd65\" data-element_type=\"widget\" data-widget_type=\"image.default\">\n\t\t\t\t<div class=\"elementor-widget-container\">\n\t\t\t\t\t\t\t\t\t\t\t\t\t\t\t<img decoding=\"async\" loading=\"lazy\" width=\"768\" height=\"1024\" src=\"https:\/\/soizicseon.fr\/wp-content\/uploads\/2025\/07\/stage-ecologistes-de-leuziere-soizic-seon-art-nature-3-768x1024.jpg\" class=\"attachment-large size-large wp-image-1059\" alt=\"\" srcset=\"https:\/\/soizicseon.fr\/wp-content\/uploads\/2025\/07\/stage-ecologistes-de-leuziere-soizic-seon-art-nature-3-768x1024.jpg 768w, https:\/\/soizicseon.fr\/wp-content\/uploads\/2025\/07\/stage-ecologistes-de-leuziere-soizic-seon-art-nature-3-225x300.jpg 225w, https:\/\/soizicseon.fr\/wp-content\/uploads\/2025\/07\/stage-ecologistes-de-leuziere-soizic-seon-art-nature-3-1152x1536.jpg 1152w, https:\/\/soizicseon.fr\/wp-content\/uploads\/2025\/07\/stage-ecologistes-de-leuziere-soizic-seon-art-nature-3-1536x2048.jpg 1536w, https:\/\/soizicseon.fr\/wp-content\/uploads\/2025\/07\/stage-ecologistes-de-leuziere-soizic-seon-art-nature-3-690x920.jpg 690w, https:\/\/soizicseon.fr\/wp-content\/uploads\/2025\/07\/stage-ecologistes-de-leuziere-soizic-seon-art-nature-3-980x1307.jpg 980w, https:\/\/soizicseon.fr\/wp-content\/uploads\/2025\/07\/stage-ecologistes-de-leuziere-soizic-seon-art-nature-3-scaled.jpg 1920w\" sizes=\"(max-width: 768px) 100vw, 768px\" \/>\t\t\t\t\t\t\t\t\t\t\t\t\t\t\t<\/div>\n\t\t\t\t<\/div>\n\t\t\t\t\t<\/div>\n\t\t<\/div>\n\t\t\t\t\t\t\t<\/div>\n\t\t<\/section>\n\t\t\t\t<section class=\"elementor-section elementor-top-section elementor-element elementor-element-8973f2b elementor-section-boxed elementor-section-height-default elementor-section-height-default\" data-id=\"8973f2b\" data-element_type=\"section\">\n\t\t\t\t\t\t<div class=\"elementor-container elementor-column-gap-default\">\n\t\t\t\t\t<div class=\"elementor-column elementor-col-100 elementor-top-column elementor-element elementor-element-01401fd\" data-id=\"01401fd\" data-element_type=\"column\">\n\t\t\t<div class=\"elementor-widget-wrap elementor-element-populated\">\n\t\t\t\t\t\t\t\t<div class=\"elementor-element elementor-element-3405c76 elementor-widget elementor-widget-text-editor\" data-id=\"3405c76\" data-element_type=\"widget\" data-widget_type=\"text-editor.default\">\n\t\t\t\t<div class=\"elementor-widget-container\">\n\t\t\t\t\t\t\t<h6><strong>\u00b7 ATELIERS SCOLAIRES <br \/><\/strong><\/h6><p>Les enfants ont des supers-pouvoirs, parmi eux leur imagination d\u00e9bordante et leur spontan\u00e9it\u00e9. Quelle richesse de travailler avec ce public.<\/p><p>Je propose diff\u00e9rentes formules selon le contexte, les incontournables \u00e9tant l&rsquo;envie de sortir de classe et de d\u00e9construire la croyance de \u00ab\u00a0je ne sais pas dessiner\u00a0\u00bb.<\/p><p>Ci dessous, des images dans le cadre des \u00ab\u00a0Parcours culturels thononais\u00a0\u00bb en collaboration avec les \u00e9coles de la Grangette, de Jules Ferry, des Morillons et l&rsquo;ecomus\u00e9e de la p\u00eache et du lac. Ateliers croquis du lac L\u00e9man \u00e0 quai et dans la r\u00e9serve naturelle de la Dranse, cyanotypes lacustres &#8211; avec Janis Vuarand &#8211; et fabrication de couleurs v\u00e9g\u00e9tales en classe.<\/p><p><span style=\"color: #999999;\">Photos : Jean Louis Duzert<\/span><\/p>\t\t\t\t\t\t<\/div>\n\t\t\t\t<\/div>\n\t\t\t\t\t<\/div>\n\t\t<\/div>\n\t\t\t\t\t\t\t<\/div>\n\t\t<\/section>\n\t\t\t\t<section class=\"elementor-section elementor-top-section elementor-element elementor-element-057a933 elementor-section-boxed elementor-section-height-default elementor-section-height-default\" data-id=\"057a933\" data-element_type=\"section\">\n\t\t\t\t\t\t<div class=\"elementor-container elementor-column-gap-default\">\n\t\t\t\t\t<div class=\"elementor-column elementor-col-33 elementor-top-column elementor-element elementor-element-1804567\" data-id=\"1804567\" data-element_type=\"column\">\n\t\t\t<div class=\"elementor-widget-wrap elementor-element-populated\">\n\t\t\t\t\t\t\t\t<div class=\"elementor-element elementor-element-85a118d elementor-widget elementor-widget-image\" data-id=\"85a118d\" data-element_type=\"widget\" data-widget_type=\"image.default\">\n\t\t\t\t<div class=\"elementor-widget-container\">\n\t\t\t\t\t\t\t\t\t\t\t\t\t\t\t<img decoding=\"async\" loading=\"lazy\" width=\"980\" height=\"649\" src=\"https:\/\/soizicseon.fr\/wp-content\/uploads\/2025\/07\/WhatsApp-Image-2025-07-24-at-12.46.22-1024x678.jpeg\" class=\"attachment-large size-large wp-image-1134\" alt=\"\" srcset=\"https:\/\/soizicseon.fr\/wp-content\/uploads\/2025\/07\/WhatsApp-Image-2025-07-24-at-12.46.22-1024x678.jpeg 1024w, https:\/\/soizicseon.fr\/wp-content\/uploads\/2025\/07\/WhatsApp-Image-2025-07-24-at-12.46.22-300x199.jpeg 300w, https:\/\/soizicseon.fr\/wp-content\/uploads\/2025\/07\/WhatsApp-Image-2025-07-24-at-12.46.22-768x509.jpeg 768w, https:\/\/soizicseon.fr\/wp-content\/uploads\/2025\/07\/WhatsApp-Image-2025-07-24-at-12.46.22-1536x1018.jpeg 1536w, https:\/\/soizicseon.fr\/wp-content\/uploads\/2025\/07\/WhatsApp-Image-2025-07-24-at-12.46.22-690x457.jpeg 690w, https:\/\/soizicseon.fr\/wp-content\/uploads\/2025\/07\/WhatsApp-Image-2025-07-24-at-12.46.22-980x649.jpeg 980w, https:\/\/soizicseon.fr\/wp-content\/uploads\/2025\/07\/WhatsApp-Image-2025-07-24-at-12.46.22.jpeg 1600w\" sizes=\"(max-width: 980px) 100vw, 980px\" \/>\t\t\t\t\t\t\t\t\t\t\t\t\t\t\t<\/div>\n\t\t\t\t<\/div>\n\t\t\t\t\t<\/div>\n\t\t<\/div>\n\t\t\t\t<div class=\"elementor-column elementor-col-33 elementor-top-column elementor-element elementor-element-46699ac\" data-id=\"46699ac\" data-element_type=\"column\">\n\t\t\t<div class=\"elementor-widget-wrap elementor-element-populated\">\n\t\t\t\t\t\t\t\t<div class=\"elementor-element elementor-element-6c82d5f elementor-widget elementor-widget-image\" data-id=\"6c82d5f\" data-element_type=\"widget\" data-widget_type=\"image.default\">\n\t\t\t\t<div class=\"elementor-widget-container\">\n\t\t\t\t\t\t\t\t\t\t\t\t\t\t\t<img decoding=\"async\" loading=\"lazy\" width=\"980\" height=\"650\" src=\"https:\/\/soizicseon.fr\/wp-content\/uploads\/2025\/07\/WhatsApp-Image-2023-04-26-at-09.53.17-e1753354221586-1024x679.jpeg\" class=\"attachment-large size-large wp-image-1136\" alt=\"\" srcset=\"https:\/\/soizicseon.fr\/wp-content\/uploads\/2025\/07\/WhatsApp-Image-2023-04-26-at-09.53.17-e1753354221586-1024x679.jpeg 1024w, https:\/\/soizicseon.fr\/wp-content\/uploads\/2025\/07\/WhatsApp-Image-2023-04-26-at-09.53.17-e1753354221586-300x199.jpeg 300w, https:\/\/soizicseon.fr\/wp-content\/uploads\/2025\/07\/WhatsApp-Image-2023-04-26-at-09.53.17-e1753354221586-768x509.jpeg 768w, https:\/\/soizicseon.fr\/wp-content\/uploads\/2025\/07\/WhatsApp-Image-2023-04-26-at-09.53.17-e1753354221586-1536x1019.jpeg 1536w, https:\/\/soizicseon.fr\/wp-content\/uploads\/2025\/07\/WhatsApp-Image-2023-04-26-at-09.53.17-e1753354221586-690x458.jpeg 690w, https:\/\/soizicseon.fr\/wp-content\/uploads\/2025\/07\/WhatsApp-Image-2023-04-26-at-09.53.17-e1753354221586-980x650.jpeg 980w, https:\/\/soizicseon.fr\/wp-content\/uploads\/2025\/07\/WhatsApp-Image-2023-04-26-at-09.53.17-e1753354221586.jpeg 2048w\" sizes=\"(max-width: 980px) 100vw, 980px\" \/>\t\t\t\t\t\t\t\t\t\t\t\t\t\t\t<\/div>\n\t\t\t\t<\/div>\n\t\t\t\t\t<\/div>\n\t\t<\/div>\n\t\t\t\t<div class=\"elementor-column elementor-col-33 elementor-top-column elementor-element elementor-element-dda39c3\" data-id=\"dda39c3\" data-element_type=\"column\">\n\t\t\t<div class=\"elementor-widget-wrap elementor-element-populated\">\n\t\t\t\t\t\t\t\t<div class=\"elementor-element elementor-element-87c68e8 elementor-widget elementor-widget-image\" data-id=\"87c68e8\" data-element_type=\"widget\" data-widget_type=\"image.default\">\n\t\t\t\t<div class=\"elementor-widget-container\">\n\t\t\t\t\t\t\t\t\t\t\t\t\t\t\t<img decoding=\"async\" loading=\"lazy\" width=\"980\" height=\"650\" src=\"https:\/\/soizicseon.fr\/wp-content\/uploads\/2025\/07\/WhatsApp-Image-2025-07-24-at-12.46.46-1024x679.jpeg\" class=\"attachment-large size-large wp-image-1135\" alt=\"\" srcset=\"https:\/\/soizicseon.fr\/wp-content\/uploads\/2025\/07\/WhatsApp-Image-2025-07-24-at-12.46.46-1024x679.jpeg 1024w, https:\/\/soizicseon.fr\/wp-content\/uploads\/2025\/07\/WhatsApp-Image-2025-07-24-at-12.46.46-300x199.jpeg 300w, https:\/\/soizicseon.fr\/wp-content\/uploads\/2025\/07\/WhatsApp-Image-2025-07-24-at-12.46.46-768x509.jpeg 768w, https:\/\/soizicseon.fr\/wp-content\/uploads\/2025\/07\/WhatsApp-Image-2025-07-24-at-12.46.46-1536x1019.jpeg 1536w, https:\/\/soizicseon.fr\/wp-content\/uploads\/2025\/07\/WhatsApp-Image-2025-07-24-at-12.46.46-690x458.jpeg 690w, https:\/\/soizicseon.fr\/wp-content\/uploads\/2025\/07\/WhatsApp-Image-2025-07-24-at-12.46.46-980x650.jpeg 980w, https:\/\/soizicseon.fr\/wp-content\/uploads\/2025\/07\/WhatsApp-Image-2025-07-24-at-12.46.46.jpeg 1600w\" sizes=\"(max-width: 980px) 100vw, 980px\" \/>\t\t\t\t\t\t\t\t\t\t\t\t\t\t\t<\/div>\n\t\t\t\t<\/div>\n\t\t\t\t\t<\/div>\n\t\t<\/div>\n\t\t\t\t\t\t\t<\/div>\n\t\t<\/section>\n\t\t\t\t<section class=\"elementor-section elementor-top-section elementor-element elementor-element-932ed9e elementor-section-boxed elementor-section-height-default elementor-section-height-default\" data-id=\"932ed9e\" data-element_type=\"section\">\n\t\t\t\t\t\t<div class=\"elementor-container elementor-column-gap-default\">\n\t\t\t\t\t<div class=\"elementor-column elementor-col-33 elementor-top-column elementor-element elementor-element-4e88e49\" data-id=\"4e88e49\" data-element_type=\"column\">\n\t\t\t<div class=\"elementor-widget-wrap elementor-element-populated\">\n\t\t\t\t\t\t\t\t<div class=\"elementor-element elementor-element-1f17214 elementor-widget elementor-widget-image\" data-id=\"1f17214\" data-element_type=\"widget\" data-widget_type=\"image.default\">\n\t\t\t\t<div class=\"elementor-widget-container\">\n\t\t\t\t\t\t\t\t\t\t\t\t\t\t\t<img decoding=\"async\" loading=\"lazy\" width=\"768\" height=\"1024\" src=\"https:\/\/soizicseon.fr\/wp-content\/uploads\/2025\/07\/photos-dessins-lac-leman-2025-768x1024.jpg\" class=\"attachment-large size-large wp-image-1064\" alt=\"\" srcset=\"https:\/\/soizicseon.fr\/wp-content\/uploads\/2025\/07\/photos-dessins-lac-leman-2025-768x1024.jpg 768w, https:\/\/soizicseon.fr\/wp-content\/uploads\/2025\/07\/photos-dessins-lac-leman-2025-225x300.jpg 225w, https:\/\/soizicseon.fr\/wp-content\/uploads\/2025\/07\/photos-dessins-lac-leman-2025-1152x1536.jpg 1152w, https:\/\/soizicseon.fr\/wp-content\/uploads\/2025\/07\/photos-dessins-lac-leman-2025-1536x2048.jpg 1536w, https:\/\/soizicseon.fr\/wp-content\/uploads\/2025\/07\/photos-dessins-lac-leman-2025-690x920.jpg 690w, https:\/\/soizicseon.fr\/wp-content\/uploads\/2025\/07\/photos-dessins-lac-leman-2025-980x1307.jpg 980w, https:\/\/soizicseon.fr\/wp-content\/uploads\/2025\/07\/photos-dessins-lac-leman-2025-scaled.jpg 1920w\" sizes=\"(max-width: 768px) 100vw, 768px\" \/>\t\t\t\t\t\t\t\t\t\t\t\t\t\t\t<\/div>\n\t\t\t\t<\/div>\n\t\t\t\t\t<\/div>\n\t\t<\/div>\n\t\t\t\t<div class=\"elementor-column elementor-col-33 elementor-top-column elementor-element elementor-element-e265be7\" data-id=\"e265be7\" data-element_type=\"column\">\n\t\t\t<div class=\"elementor-widget-wrap elementor-element-populated\">\n\t\t\t\t\t\t\t\t<div class=\"elementor-element elementor-element-783daaa elementor-widget elementor-widget-image\" data-id=\"783daaa\" data-element_type=\"widget\" data-widget_type=\"image.default\">\n\t\t\t\t<div class=\"elementor-widget-container\">\n\t\t\t\t\t\t\t\t\t\t\t\t\t\t\t<img decoding=\"async\" loading=\"lazy\" width=\"665\" height=\"847\" src=\"https:\/\/soizicseon.fr\/wp-content\/uploads\/2025\/07\/atelier-couleurs-naturelles-PCT-3.jpg\" class=\"attachment-large size-large wp-image-1069\" alt=\"\" srcset=\"https:\/\/soizicseon.fr\/wp-content\/uploads\/2025\/07\/atelier-couleurs-naturelles-PCT-3.jpg 665w, https:\/\/soizicseon.fr\/wp-content\/uploads\/2025\/07\/atelier-couleurs-naturelles-PCT-3-236x300.jpg 236w\" sizes=\"(max-width: 665px) 100vw, 665px\" \/>\t\t\t\t\t\t\t\t\t\t\t\t\t\t\t<\/div>\n\t\t\t\t<\/div>\n\t\t\t\t\t<\/div>\n\t\t<\/div>\n\t\t\t\t<div class=\"elementor-column elementor-col-33 elementor-top-column elementor-element elementor-element-aee28d2\" data-id=\"aee28d2\" data-element_type=\"column\">\n\t\t\t<div class=\"elementor-widget-wrap elementor-element-populated\">\n\t\t\t\t\t\t\t\t<div class=\"elementor-element elementor-element-fdb4979 elementor-widget elementor-widget-image\" data-id=\"fdb4979\" data-element_type=\"widget\" data-widget_type=\"image.default\">\n\t\t\t\t<div class=\"elementor-widget-container\">\n\t\t\t\t\t\t\t\t\t\t\t\t\t\t\t<img decoding=\"async\" loading=\"lazy\" width=\"773\" height=\"1024\" src=\"https:\/\/soizicseon.fr\/wp-content\/uploads\/2025\/07\/photos-encres-naturelles-2025-1-773x1024.jpg\" class=\"attachment-large size-large wp-image-1072\" alt=\"\" srcset=\"https:\/\/soizicseon.fr\/wp-content\/uploads\/2025\/07\/photos-encres-naturelles-2025-1-773x1024.jpg 773w, https:\/\/soizicseon.fr\/wp-content\/uploads\/2025\/07\/photos-encres-naturelles-2025-1-227x300.jpg 227w, https:\/\/soizicseon.fr\/wp-content\/uploads\/2025\/07\/photos-encres-naturelles-2025-1-768x1017.jpg 768w, https:\/\/soizicseon.fr\/wp-content\/uploads\/2025\/07\/photos-encres-naturelles-2025-1-1160x1536.jpg 1160w, https:\/\/soizicseon.fr\/wp-content\/uploads\/2025\/07\/photos-encres-naturelles-2025-1-1546x2048.jpg 1546w, https:\/\/soizicseon.fr\/wp-content\/uploads\/2025\/07\/photos-encres-naturelles-2025-1-690x914.jpg 690w, https:\/\/soizicseon.fr\/wp-content\/uploads\/2025\/07\/photos-encres-naturelles-2025-1-980x1298.jpg 980w, https:\/\/soizicseon.fr\/wp-content\/uploads\/2025\/07\/photos-encres-naturelles-2025-1-scaled.jpg 1933w\" sizes=\"(max-width: 773px) 100vw, 773px\" \/>\t\t\t\t\t\t\t\t\t\t\t\t\t\t\t<\/div>\n\t\t\t\t<\/div>\n\t\t\t\t\t<\/div>\n\t\t<\/div>\n\t\t\t\t\t\t\t<\/div>\n\t\t<\/section>\n\t\t\t\t<section class=\"elementor-section elementor-top-section elementor-element elementor-element-489d78c elementor-section-boxed elementor-section-height-default elementor-section-height-default\" data-id=\"489d78c\" data-element_type=\"section\">\n\t\t\t\t\t\t<div class=\"elementor-container elementor-column-gap-default\">\n\t\t\t\t\t<div class=\"elementor-column elementor-col-33 elementor-top-column elementor-element elementor-element-0eebc41\" data-id=\"0eebc41\" data-element_type=\"column\">\n\t\t\t<div class=\"elementor-widget-wrap elementor-element-populated\">\n\t\t\t\t\t\t\t\t<div class=\"elementor-element elementor-element-f5986f9 elementor-widget elementor-widget-image\" data-id=\"f5986f9\" data-element_type=\"widget\" data-widget_type=\"image.default\">\n\t\t\t\t<div class=\"elementor-widget-container\">\n\t\t\t\t\t\t\t\t\t\t\t\t\t\t\t<img decoding=\"async\" loading=\"lazy\" width=\"719\" height=\"499\" src=\"https:\/\/soizicseon.fr\/wp-content\/uploads\/2025\/07\/atelier-couleurs-naturelles-PCT-2.jpg\" class=\"attachment-large size-large wp-image-1068\" alt=\"\" srcset=\"https:\/\/soizicseon.fr\/wp-content\/uploads\/2025\/07\/atelier-couleurs-naturelles-PCT-2.jpg 719w, https:\/\/soizicseon.fr\/wp-content\/uploads\/2025\/07\/atelier-couleurs-naturelles-PCT-2-300x208.jpg 300w, https:\/\/soizicseon.fr\/wp-content\/uploads\/2025\/07\/atelier-couleurs-naturelles-PCT-2-690x479.jpg 690w\" sizes=\"(max-width: 719px) 100vw, 719px\" \/>\t\t\t\t\t\t\t\t\t\t\t\t\t\t\t<\/div>\n\t\t\t\t<\/div>\n\t\t\t\t\t<\/div>\n\t\t<\/div>\n\t\t\t\t<div class=\"elementor-column elementor-col-33 elementor-top-column elementor-element elementor-element-7ea04a6\" data-id=\"7ea04a6\" data-element_type=\"column\">\n\t\t\t<div class=\"elementor-widget-wrap elementor-element-populated\">\n\t\t\t\t\t\t\t\t<div class=\"elementor-element elementor-element-354b707 elementor-widget elementor-widget-image\" data-id=\"354b707\" data-element_type=\"widget\" data-widget_type=\"image.default\">\n\t\t\t\t<div class=\"elementor-widget-container\">\n\t\t\t\t\t\t\t\t\t\t\t\t\t\t\t<img decoding=\"async\" loading=\"lazy\" width=\"713\" height=\"456\" src=\"https:\/\/soizicseon.fr\/wp-content\/uploads\/2025\/07\/atelier-couleurs-naturelles-PCT-1-e1753365821910.jpg\" class=\"attachment-large size-large wp-image-1067\" alt=\"\" srcset=\"https:\/\/soizicseon.fr\/wp-content\/uploads\/2025\/07\/atelier-couleurs-naturelles-PCT-1-e1753365821910.jpg 713w, https:\/\/soizicseon.fr\/wp-content\/uploads\/2025\/07\/atelier-couleurs-naturelles-PCT-1-e1753365821910-300x192.jpg 300w, https:\/\/soizicseon.fr\/wp-content\/uploads\/2025\/07\/atelier-couleurs-naturelles-PCT-1-e1753365821910-690x441.jpg 690w\" sizes=\"(max-width: 713px) 100vw, 713px\" \/>\t\t\t\t\t\t\t\t\t\t\t\t\t\t\t<\/div>\n\t\t\t\t<\/div>\n\t\t\t\t\t<\/div>\n\t\t<\/div>\n\t\t\t\t<div class=\"elementor-column elementor-col-33 elementor-top-column elementor-element elementor-element-d76f5a3\" data-id=\"d76f5a3\" data-element_type=\"column\">\n\t\t\t<div class=\"elementor-widget-wrap elementor-element-populated\">\n\t\t\t\t\t\t\t\t<div class=\"elementor-element elementor-element-eac8afe elementor-widget elementor-widget-image\" data-id=\"eac8afe\" data-element_type=\"widget\" data-widget_type=\"image.default\">\n\t\t\t\t<div class=\"elementor-widget-container\">\n\t\t\t\t\t\t\t\t\t\t\t\t\t\t\t<img decoding=\"async\" loading=\"lazy\" width=\"980\" height=\"609\" src=\"https:\/\/soizicseon.fr\/wp-content\/uploads\/2025\/07\/photos-nuancier-encres-naturelles-2025-scaled-e1753354515750-1024x636.jpg\" class=\"attachment-large size-large wp-image-1066\" alt=\"\" srcset=\"https:\/\/soizicseon.fr\/wp-content\/uploads\/2025\/07\/photos-nuancier-encres-naturelles-2025-scaled-e1753354515750-1024x636.jpg 1024w, https:\/\/soizicseon.fr\/wp-content\/uploads\/2025\/07\/photos-nuancier-encres-naturelles-2025-scaled-e1753354515750-300x186.jpg 300w, https:\/\/soizicseon.fr\/wp-content\/uploads\/2025\/07\/photos-nuancier-encres-naturelles-2025-scaled-e1753354515750-768x477.jpg 768w, https:\/\/soizicseon.fr\/wp-content\/uploads\/2025\/07\/photos-nuancier-encres-naturelles-2025-scaled-e1753354515750-1536x955.jpg 1536w, https:\/\/soizicseon.fr\/wp-content\/uploads\/2025\/07\/photos-nuancier-encres-naturelles-2025-scaled-e1753354515750-2048x1273.jpg 2048w, https:\/\/soizicseon.fr\/wp-content\/uploads\/2025\/07\/photos-nuancier-encres-naturelles-2025-scaled-e1753354515750-690x429.jpg 690w, https:\/\/soizicseon.fr\/wp-content\/uploads\/2025\/07\/photos-nuancier-encres-naturelles-2025-scaled-e1753354515750-980x609.jpg 980w\" sizes=\"(max-width: 980px) 100vw, 980px\" \/>\t\t\t\t\t\t\t\t\t\t\t\t\t\t\t<\/div>\n\t\t\t\t<\/div>\n\t\t\t\t\t<\/div>\n\t\t<\/div>\n\t\t\t\t\t\t\t<\/div>\n\t\t<\/section>\n\t\t\t\t\t\t\t<\/div>\n\t\t","protected":false},"excerpt":{"rendered":"<p>\u00b7 STAGE \u00ab\u00a0Art et nature\u00a0\u00bb C&rsquo;est le mariage de deux univers que j&rsquo;affectionne particuli\u00e8rement. Au programme :\u00a0 fabrication de pigments v\u00e9g\u00e9taux et min\u00e9raux, combustion de fusains, tests d&rsquo;impressions v\u00e9g\u00e9tales selon les techniques de l&rsquo;anthotype, de l&rsquo;\u00e9coprint et du tatakizom\u00e9, taille de son kalam et travaux pratiques en pleine nature. Formation pour adultes en collaboration avec [&hellip;]<\/p>\n","protected":false},"author":1,"featured_media":0,"parent":0,"menu_order":0,"comment_status":"closed","ping_status":"closed","template":"","meta":{"jetpack_post_was_ever_published":false,"footnotes":""},"jetpack_sharing_enabled":true,"jetpack_shortlink":"https:\/\/wp.me\/Pa6yYa-gZ","_links":{"self":[{"href":"https:\/\/soizicseon.fr\/index.php\/wp-json\/wp\/v2\/pages\/1053"}],"collection":[{"href":"https:\/\/soizicseon.fr\/index.php\/wp-json\/wp\/v2\/pages"}],"about":[{"href":"https:\/\/soizicseon.fr\/index.php\/wp-json\/wp\/v2\/types\/page"}],"author":[{"embeddable":true,"href":"https:\/\/soizicseon.fr\/index.php\/wp-json\/wp\/v2\/users\/1"}],"replies":[{"embeddable":true,"href":"https:\/\/soizicseon.fr\/index.php\/wp-json\/wp\/v2\/comments?post=1053"}],"version-history":[{"count":34,"href":"https:\/\/soizicseon.fr\/index.php\/wp-json\/wp\/v2\/pages\/1053\/revisions"}],"predecessor-version":[{"id":1336,"href":"https:\/\/soizicseon.fr\/index.php\/wp-json\/wp\/v2\/pages\/1053\/revisions\/1336"}],"wp:attachment":[{"href":"https:\/\/soizicseon.fr\/index.php\/wp-json\/wp\/v2\/media?parent=1053"}],"curies":[{"name":"wp","href":"https:\/\/api.w.org\/{rel}","templated":true}]}}