{"id":730,"date":"2021-01-23T16:14:16","date_gmt":"2021-01-23T15:14:16","guid":{"rendered":"https:\/\/soizicseon.fr\/?page_id=730"},"modified":"2025-07-30T18:50:17","modified_gmt":"2025-07-30T16:50:17","slug":"animation","status":"publish","type":"page","link":"https:\/\/soizicseon.fr\/index.php\/animation\/","title":{"rendered":"Vid\u00e9o clips"},"content":{"rendered":"\t\t<div data-elementor-type=\"wp-page\" data-elementor-id=\"730\" class=\"elementor elementor-730\">\n\t\t\t\t\t\t\t\t\t<section class=\"elementor-section elementor-top-section elementor-element elementor-element-3e11115 elementor-section-boxed elementor-section-height-default elementor-section-height-default\" data-id=\"3e11115\" data-element_type=\"section\">\n\t\t\t\t\t\t<div class=\"elementor-container elementor-column-gap-default\">\n\t\t\t\t\t<div class=\"elementor-column elementor-col-100 elementor-top-column elementor-element elementor-element-3a3b42d\" data-id=\"3a3b42d\" data-element_type=\"column\">\n\t\t\t<div class=\"elementor-widget-wrap elementor-element-populated\">\n\t\t\t\t\t\t\t\t<div class=\"elementor-element elementor-element-fff6f02 elementor-widget elementor-widget-text-editor\" data-id=\"fff6f02\" data-element_type=\"widget\" data-widget_type=\"text-editor.default\">\n\t\t\t\t<div class=\"elementor-widget-container\">\n\t\t\t\t\t\t\t<p>En stop-motion (image par image) ou tout simplement film\u00e9e en train de peindre, j&rsquo;ai \u00e9crit et r\u00e9alis\u00e9 diff\u00e9rents petits films, toujours pour accompagner une composition musicale.<\/p><p>Ce qui est int\u00e9ressant pour moi, c&rsquo;est de revenir vers ma source d&rsquo;inspiration premi\u00e8re (par rapport \u00e0 la peinture en direct) : le dessin d&rsquo;animation. En effet, j&rsquo;ai compris ce que je pouvais faire avec du verre et de la peinture \u00e0 l&rsquo;huile en voyant pour la premi\u00e8re fois le travail d&rsquo;Alexandre Konstantinovitch Petrov. Ce peintre russe a cr\u00e9\u00e9 dans les ann\u00e9es 90 des films d&rsquo;animation en utilisant le stop-motion, l&rsquo;huile sur le verre et beaucoup de patience. N&rsquo;ayant jamais vu de performance en direct avec ce proc\u00e9d\u00e9, j&rsquo;ai fait mes premi\u00e8res r\u00e9sidences \/ essais en 2014 et ai adopt\u00e9 cette technique. Depuis, le r\u00e9troprojecteur, l&rsquo;huile et la t\u00e9r\u00e9benthine font partie de mes outils pr\u00e9f\u00e9r\u00e9s depuis plus de 10 ans.<\/p>\t\t\t\t\t\t<\/div>\n\t\t\t\t<\/div>\n\t\t\t\t\t<\/div>\n\t\t<\/div>\n\t\t\t\t\t\t\t<\/div>\n\t\t<\/section>\n\t\t\t\t<section class=\"elementor-section elementor-top-section elementor-element elementor-element-1091f9d elementor-section-boxed elementor-section-height-default elementor-section-height-default\" data-id=\"1091f9d\" data-element_type=\"section\">\n\t\t\t\t\t\t<div class=\"elementor-container elementor-column-gap-default\">\n\t\t\t\t\t<div class=\"elementor-column elementor-col-100 elementor-top-column elementor-element elementor-element-afc1193\" data-id=\"afc1193\" data-element_type=\"column\">\n\t\t\t<div class=\"elementor-widget-wrap elementor-element-populated\">\n\t\t\t\t\t\t\t\t<div class=\"elementor-element elementor-element-127b984 elementor-widget elementor-widget-text-editor\" data-id=\"127b984\" data-element_type=\"widget\" data-widget_type=\"text-editor.default\">\n\t\t\t\t<div class=\"elementor-widget-container\">\n\t\t\t\t\t\t\t<p><strong><span style=\"color: #333333;\">BLOODY BLIND SEA<\/span> \u00b7 Clip en stop-motion sur une composition de J\u00e9r\u00f4me Delmas \u00b7 2021 \u00b7 La Palma \u00b7 \u00eeles Canaries<\/strong><\/p><p>Peinture \u00e0 l&rsquo;huile, caf\u00e9, d\u00e9coupages de papiers et de plastiques se m\u00e9langent pour ce petit film de 3 minutes.<\/p><p>La composition musicale est de J\u00e9r\u00f4me Delmas &#8211; alias Jeromino. Le morceau parle de <em>Cookie<\/em>, notre annexe faite maison perdue en Sardaigne, lors d&rsquo;une nuit particulierement agit\u00e9e. Le vent l&rsquo;a emport\u00e9e, nous sommes partis \u00e0 sa recherche au matin, sans succ\u00e8s. C&rsquo;est donc l&rsquo;histoire de la perte, des aurevoirs.<\/p><p>Musiciens: \u00e0 la contrebasse : F\u00e9lix Heymans \/ Trompette : Bots \/ Guitare : J\u00e9romino \/ Chant : Lise Dieumegard \/ Saxophone : Anton Kerkhof \/ Arrangements : Honky tonk jazz band<\/p><p>Plus d&rsquo;infos sur le projet artistique \u00e0 la voile &#8230; Compagnie Honky tonk sail :\u00a0 <a href=\"https:\/\/honkytonksail.com\/\">www.honkytonksail.com<\/a><\/p>\t\t\t\t\t\t<\/div>\n\t\t\t\t<\/div>\n\t\t\t\t\t<\/div>\n\t\t<\/div>\n\t\t\t\t\t\t\t<\/div>\n\t\t<\/section>\n\t\t\t\t<section class=\"elementor-section elementor-top-section elementor-element elementor-element-e845800 elementor-section-boxed elementor-section-height-default elementor-section-height-default\" data-id=\"e845800\" data-element_type=\"section\">\n\t\t\t\t\t\t<div class=\"elementor-container elementor-column-gap-default\">\n\t\t\t\t\t<div class=\"elementor-column elementor-col-100 elementor-top-column elementor-element elementor-element-93529c3\" data-id=\"93529c3\" data-element_type=\"column\">\n\t\t\t<div class=\"elementor-widget-wrap elementor-element-populated\">\n\t\t\t\t\t\t\t\t<div class=\"elementor-element elementor-element-ada0db0 elementor-widget elementor-widget-video\" data-id=\"ada0db0\" data-element_type=\"widget\" data-settings=\"{&quot;youtube_url&quot;:&quot;https:\\\/\\\/www.youtube.com\\\/watch?v=WpMDSXVQ75o&quot;,&quot;video_type&quot;:&quot;youtube&quot;,&quot;controls&quot;:&quot;yes&quot;}\" data-widget_type=\"video.default\">\n\t\t\t\t<div class=\"elementor-widget-container\">\n\t\t\t\t\t<div class=\"elementor-wrapper elementor-open-inline\">\n\t\t\t<div class=\"elementor-video\"><\/div>\t\t<\/div>\n\t\t\t\t<\/div>\n\t\t\t\t<\/div>\n\t\t\t\t\t<\/div>\n\t\t<\/div>\n\t\t\t\t\t\t\t<\/div>\n\t\t<\/section>\n\t\t\t\t<section class=\"elementor-section elementor-top-section elementor-element elementor-element-2d4db5a elementor-section-boxed elementor-section-height-default elementor-section-height-default\" data-id=\"2d4db5a\" data-element_type=\"section\">\n\t\t\t\t\t\t<div class=\"elementor-container elementor-column-gap-default\">\n\t\t\t\t\t<div class=\"elementor-column elementor-col-100 elementor-top-column elementor-element elementor-element-10ab6db\" data-id=\"10ab6db\" data-element_type=\"column\">\n\t\t\t<div class=\"elementor-widget-wrap elementor-element-populated\">\n\t\t\t\t\t\t\t\t<div class=\"elementor-element elementor-element-a8cd969 elementor-widget elementor-widget-text-editor\" data-id=\"a8cd969\" data-element_type=\"widget\" data-widget_type=\"text-editor.default\">\n\t\t\t\t<div class=\"elementor-widget-container\">\n\t\t\t\t\t\t\t<p><strong><span style=\"color: #000000;\">PIANOCEAN<\/span> \u00b7 Clips de r\u00e9troprojection film\u00e9e sur des compositions de Marieke Huysmans-Berthou \u00b7 <br \/><\/strong><\/p><p>Le projet <a href=\"http:\/\/www.pianocean.org\">Pianoc\u00e9an<\/a> rassemble lui aussi la voile et l&rsquo;artistique. Sa fondatrice et talentueuse interpr\u00e8te et compositrice Marieke Huysmans-Berthou ne se contente pas que de naviguer et de jouer des concerts. Elle \u00e9crit aussi de la musique inspir\u00e9e de ses voyages et de ses rencontres. Voici trois de ses morceaux sur lesquels j&rsquo;ai r\u00e9alis\u00e9 un clip : \u00ab\u00a0<em>Song of the books<\/em>\u00ab\u00a0, \u00ab\u00a0<em>I&rsquo;m just a song<\/em>\u00a0\u00bb et \u00ab\u00a0<em>Double hearted<\/em>\u00ab\u00a0. La technique utilis\u00e9e est de nouveau la r\u00e9troprojection \u00e0 la peinture \u00e0 l&rsquo;huile. Cette fois cependant, \u00e7a n&rsquo;est pas en stop-motion mais simplement film\u00e9 en direct, s\u00e9quence par s\u00e9quence, puis mont\u00e9 selon la narration du morceau.<\/p>\t\t\t\t\t\t<\/div>\n\t\t\t\t<\/div>\n\t\t\t\t\t<\/div>\n\t\t<\/div>\n\t\t\t\t\t\t\t<\/div>\n\t\t<\/section>\n\t\t\t\t<section class=\"elementor-section elementor-top-section elementor-element elementor-element-2e5271d elementor-section-boxed elementor-section-height-default elementor-section-height-default\" data-id=\"2e5271d\" data-element_type=\"section\">\n\t\t\t\t\t\t<div class=\"elementor-container elementor-column-gap-default\">\n\t\t\t\t\t<div class=\"elementor-column elementor-col-50 elementor-top-column elementor-element elementor-element-2acab79\" data-id=\"2acab79\" data-element_type=\"column\">\n\t\t\t<div class=\"elementor-widget-wrap elementor-element-populated\">\n\t\t\t\t\t\t\t\t<div class=\"elementor-element elementor-element-ee09de5 elementor-widget elementor-widget-video\" data-id=\"ee09de5\" data-element_type=\"widget\" data-settings=\"{&quot;youtube_url&quot;:&quot;https:\\\/\\\/youtu.be\\\/IQZKG9l63_Y?si=hqLcpkE86kGDgKB7&quot;,&quot;video_type&quot;:&quot;youtube&quot;,&quot;controls&quot;:&quot;yes&quot;}\" data-widget_type=\"video.default\">\n\t\t\t\t<div class=\"elementor-widget-container\">\n\t\t\t\t\t<div class=\"elementor-wrapper elementor-open-inline\">\n\t\t\t<div class=\"elementor-video\"><\/div>\t\t<\/div>\n\t\t\t\t<\/div>\n\t\t\t\t<\/div>\n\t\t\t\t\t<\/div>\n\t\t<\/div>\n\t\t\t\t<div class=\"elementor-column elementor-col-50 elementor-top-column elementor-element elementor-element-0072975\" data-id=\"0072975\" data-element_type=\"column\">\n\t\t\t<div class=\"elementor-widget-wrap elementor-element-populated\">\n\t\t\t\t\t\t\t\t<div class=\"elementor-element elementor-element-04ab56d elementor-widget elementor-widget-video\" data-id=\"04ab56d\" data-element_type=\"widget\" data-settings=\"{&quot;youtube_url&quot;:&quot;https:\\\/\\\/youtu.be\\\/j65z69XrsnQ?si=KelyqOweTeVxd6U4&quot;,&quot;video_type&quot;:&quot;youtube&quot;,&quot;controls&quot;:&quot;yes&quot;}\" data-widget_type=\"video.default\">\n\t\t\t\t<div class=\"elementor-widget-container\">\n\t\t\t\t\t<div class=\"elementor-wrapper elementor-open-inline\">\n\t\t\t<div class=\"elementor-video\"><\/div>\t\t<\/div>\n\t\t\t\t<\/div>\n\t\t\t\t<\/div>\n\t\t\t\t\t<\/div>\n\t\t<\/div>\n\t\t\t\t\t\t\t<\/div>\n\t\t<\/section>\n\t\t\t\t<section class=\"elementor-section elementor-top-section elementor-element elementor-element-effd40e elementor-section-boxed elementor-section-height-default elementor-section-height-default\" data-id=\"effd40e\" data-element_type=\"section\">\n\t\t\t\t\t\t<div class=\"elementor-container elementor-column-gap-default\">\n\t\t\t\t\t<div class=\"elementor-column elementor-col-50 elementor-top-column elementor-element elementor-element-ad2c694\" data-id=\"ad2c694\" data-element_type=\"column\">\n\t\t\t<div class=\"elementor-widget-wrap elementor-element-populated\">\n\t\t\t\t\t\t\t\t<div class=\"elementor-element elementor-element-c265d31 elementor-widget elementor-widget-video\" data-id=\"c265d31\" data-element_type=\"widget\" data-settings=\"{&quot;youtube_url&quot;:&quot;https:\\\/\\\/youtu.be\\\/-ODLgP9GNfI?si=b57rMuqhK1OO4UCN&quot;,&quot;video_type&quot;:&quot;youtube&quot;,&quot;controls&quot;:&quot;yes&quot;}\" data-widget_type=\"video.default\">\n\t\t\t\t<div class=\"elementor-widget-container\">\n\t\t\t\t\t<div class=\"elementor-wrapper elementor-open-inline\">\n\t\t\t<div class=\"elementor-video\"><\/div>\t\t<\/div>\n\t\t\t\t<\/div>\n\t\t\t\t<\/div>\n\t\t\t\t\t<\/div>\n\t\t<\/div>\n\t\t\t\t<div class=\"elementor-column elementor-col-50 elementor-top-column elementor-element elementor-element-d651f8c\" data-id=\"d651f8c\" data-element_type=\"column\">\n\t\t\t<div class=\"elementor-widget-wrap elementor-element-populated\">\n\t\t\t\t\t\t\t\t<div class=\"elementor-element elementor-element-ed2b0ad elementor-widget elementor-widget-image\" data-id=\"ed2b0ad\" data-element_type=\"widget\" data-widget_type=\"image.default\">\n\t\t\t\t<div class=\"elementor-widget-container\">\n\t\t\t\t\t\t\t\t\t\t\t\t\t\t\t<img decoding=\"async\" loading=\"lazy\" width=\"980\" height=\"547\" src=\"https:\/\/soizicseon.fr\/wp-content\/uploads\/2023\/11\/song-of-the-book-soizic-seon-clip-pianocean-1024x572.jpg\" class=\"attachment-large size-large wp-image-896\" alt=\"\" srcset=\"https:\/\/soizicseon.fr\/wp-content\/uploads\/2023\/11\/song-of-the-book-soizic-seon-clip-pianocean-1024x572.jpg 1024w, https:\/\/soizicseon.fr\/wp-content\/uploads\/2023\/11\/song-of-the-book-soizic-seon-clip-pianocean-300x168.jpg 300w, https:\/\/soizicseon.fr\/wp-content\/uploads\/2023\/11\/song-of-the-book-soizic-seon-clip-pianocean-768x429.jpg 768w, https:\/\/soizicseon.fr\/wp-content\/uploads\/2023\/11\/song-of-the-book-soizic-seon-clip-pianocean-1536x859.jpg 1536w, https:\/\/soizicseon.fr\/wp-content\/uploads\/2023\/11\/song-of-the-book-soizic-seon-clip-pianocean-2048x1145.jpg 2048w, https:\/\/soizicseon.fr\/wp-content\/uploads\/2023\/11\/song-of-the-book-soizic-seon-clip-pianocean-690x386.jpg 690w, https:\/\/soizicseon.fr\/wp-content\/uploads\/2023\/11\/song-of-the-book-soizic-seon-clip-pianocean-980x548.jpg 980w\" sizes=\"(max-width: 980px) 100vw, 980px\" \/>\t\t\t\t\t\t\t\t\t\t\t\t\t\t\t<\/div>\n\t\t\t\t<\/div>\n\t\t\t\t\t<\/div>\n\t\t<\/div>\n\t\t\t\t\t\t\t<\/div>\n\t\t<\/section>\n\t\t\t\t\t\t\t<\/div>\n\t\t","protected":false},"excerpt":{"rendered":"<p>En stop-motion (image par image) ou tout simplement film\u00e9e en train de peindre, j&rsquo;ai \u00e9crit et r\u00e9alis\u00e9 diff\u00e9rents petits films, toujours pour accompagner une composition musicale. Ce qui est int\u00e9ressant pour moi, c&rsquo;est de revenir vers ma source d&rsquo;inspiration premi\u00e8re (par rapport \u00e0 la peinture en direct) : le dessin d&rsquo;animation. En effet, j&rsquo;ai compris [&hellip;]<\/p>\n","protected":false},"author":1,"featured_media":0,"parent":0,"menu_order":0,"comment_status":"closed","ping_status":"closed","template":"","meta":{"jetpack_post_was_ever_published":false,"footnotes":""},"jetpack_sharing_enabled":true,"jetpack_shortlink":"https:\/\/wp.me\/Pa6yYa-bM","_links":{"self":[{"href":"https:\/\/soizicseon.fr\/index.php\/wp-json\/wp\/v2\/pages\/730"}],"collection":[{"href":"https:\/\/soizicseon.fr\/index.php\/wp-json\/wp\/v2\/pages"}],"about":[{"href":"https:\/\/soizicseon.fr\/index.php\/wp-json\/wp\/v2\/types\/page"}],"author":[{"embeddable":true,"href":"https:\/\/soizicseon.fr\/index.php\/wp-json\/wp\/v2\/users\/1"}],"replies":[{"embeddable":true,"href":"https:\/\/soizicseon.fr\/index.php\/wp-json\/wp\/v2\/comments?post=730"}],"version-history":[{"count":29,"href":"https:\/\/soizicseon.fr\/index.php\/wp-json\/wp\/v2\/pages\/730\/revisions"}],"predecessor-version":[{"id":1324,"href":"https:\/\/soizicseon.fr\/index.php\/wp-json\/wp\/v2\/pages\/730\/revisions\/1324"}],"wp:attachment":[{"href":"https:\/\/soizicseon.fr\/index.php\/wp-json\/wp\/v2\/media?parent=730"}],"curies":[{"name":"wp","href":"https:\/\/api.w.org\/{rel}","templated":true}]}}