{"id":992,"date":"2025-07-22T16:47:07","date_gmt":"2025-07-22T14:47:07","guid":{"rendered":"https:\/\/soizicseon.fr\/?page_id=992"},"modified":"2025-07-24T14:14:07","modified_gmt":"2025-07-24T12:14:07","slug":"paper-art","status":"publish","type":"page","link":"https:\/\/soizicseon.fr\/index.php\/paper-art\/","title":{"rendered":"Paper art"},"content":{"rendered":"\t\t<div data-elementor-type=\"wp-page\" data-elementor-id=\"992\" class=\"elementor elementor-992\">\n\t\t\t\t\t\t\t\t\t<section class=\"elementor-section elementor-top-section elementor-element elementor-element-5fba996 elementor-section-boxed elementor-section-height-default elementor-section-height-default\" data-id=\"5fba996\" data-element_type=\"section\">\n\t\t\t\t\t\t<div class=\"elementor-container elementor-column-gap-default\">\n\t\t\t\t\t<div class=\"elementor-column elementor-col-50 elementor-top-column elementor-element elementor-element-c5ae0f2\" data-id=\"c5ae0f2\" data-element_type=\"column\">\n\t\t\t<div class=\"elementor-widget-wrap elementor-element-populated\">\n\t\t\t\t\t\t\t\t<div class=\"elementor-element elementor-element-bf1610d elementor-widget elementor-widget-text-editor\" data-id=\"bf1610d\" data-element_type=\"widget\" data-widget_type=\"text-editor.default\">\n\t\t\t\t<div class=\"elementor-widget-container\">\n\t\t\t\t\t\t\t<p class=\"_ap3a _aaco _aacu _aacx _aad7 _aade\" dir=\"auto\">De la fibre v\u00e9g\u00e9tale, beaucoup d&rsquo;eau, un peu de mucilage et de l&rsquo;inspiration pour ces tableaux de cellulose &#8211; cr\u00e9ations 2D r\u00e9alis\u00e9es comme une feuille de papier artistique. L&rsquo;eau sugg\u00e8re naturellement les th\u00e8mes des tableaux. De nouveau, les vagues, les nuages et l&rsquo;\u00e9cume m&#8217;embarquent.<\/p><p class=\"_ap3a _aaco _aacu _aacx _aad7 _aade\" dir=\"auto\">Ces \u00ab\u00a0peintures de papiers\u00a0\u00bb incluent de la fibre de m\u00fbrier (kozo), de chanvre, de mitsumata et de lokta. Un peu de botanique dans l&rsquo;art visuel, comme pour les pigments naturels, c&rsquo;est pour moi un bon m\u00e9lange. La longueur des fibres fait varier les effets. Le mouvement de la fibre est donn\u00e9 avec l&rsquo;eau.<\/p>\t\t\t\t\t\t<\/div>\n\t\t\t\t<\/div>\n\t\t\t\t\t<\/div>\n\t\t<\/div>\n\t\t\t\t<div class=\"elementor-column elementor-col-50 elementor-top-column elementor-element elementor-element-096b05b\" data-id=\"096b05b\" data-element_type=\"column\">\n\t\t\t<div class=\"elementor-widget-wrap elementor-element-populated\">\n\t\t\t\t\t\t\t\t<div class=\"elementor-element elementor-element-d116020 elementor-widget elementor-widget-text-editor\" data-id=\"d116020\" data-element_type=\"widget\" data-widget_type=\"text-editor.default\">\n\t\t\t\t<div class=\"elementor-widget-container\">\n\t\t\t\t\t\t\t<p>Les techniques utilis\u00e9es pour ces tableaux m&rsquo;ont \u00e9t\u00e9 transmises par les artistes Jean-Michel Letellier et Miki Nakamura dans leur atelier \u00e0 Tr\u00e9laz\u00e9.<\/p><p><a href=\"https:\/\/www.letellier-nakamura.com\/\">Leur travail ici<\/a><\/p>\t\t\t\t\t\t<\/div>\n\t\t\t\t<\/div>\n\t\t\t\t\t<\/div>\n\t\t<\/div>\n\t\t\t\t\t\t\t<\/div>\n\t\t<\/section>\n\t\t\t\t<section class=\"elementor-section elementor-top-section elementor-element elementor-element-8c005d5 elementor-section-boxed elementor-section-height-default elementor-section-height-default\" data-id=\"8c005d5\" data-element_type=\"section\">\n\t\t\t\t\t\t<div class=\"elementor-container elementor-column-gap-default\">\n\t\t\t\t\t<div class=\"elementor-column elementor-col-100 elementor-top-column elementor-element elementor-element-15b6c5d\" data-id=\"15b6c5d\" data-element_type=\"column\">\n\t\t\t<div class=\"elementor-widget-wrap elementor-element-populated\">\n\t\t\t\t\t\t\t\t<div class=\"elementor-element elementor-element-c2deebf gallery-spacing-custom elementor-widget__width-inherit e-transform elementor-widget elementor-widget-image-gallery\" data-id=\"c2deebf\" data-element_type=\"widget\" data-settings=\"{&quot;_transform_scale_effect&quot;:{&quot;unit&quot;:&quot;px&quot;,&quot;size&quot;:1,&quot;sizes&quot;:[]},&quot;_transform_scale_effect_tablet&quot;:{&quot;unit&quot;:&quot;px&quot;,&quot;size&quot;:&quot;&quot;,&quot;sizes&quot;:[]},&quot;_transform_scale_effect_mobile&quot;:{&quot;unit&quot;:&quot;px&quot;,&quot;size&quot;:&quot;&quot;,&quot;sizes&quot;:[]}}\" data-widget_type=\"image-gallery.default\">\n\t\t\t\t<div class=\"elementor-widget-container\">\n\t\t\t\t\t<div class=\"elementor-image-gallery\">\n\t\t\t<div id='gallery-1' class='gallery galleryid-992 gallery-columns-3 gallery-size-portfolio-large'><figure class='gallery-item'>\n\t\t\t<div class='gallery-icon portrait'>\n\t\t\t\t<a data-elementor-open-lightbox=\"yes\" data-elementor-lightbox-slideshow=\"c2deebf\" data-elementor-lightbox-title=\"pulp painting nuages 2\" data-e-action-hash=\"#elementor-action%3Aaction%3Dlightbox%26settings%3DeyJpZCI6MTAxNCwidXJsIjoiaHR0cHM6XC9cL3NvaXppY3Nlb24uZnJcL3dwLWNvbnRlbnRcL3VwbG9hZHNcLzIwMjVcLzA3XC9wdWxwLXBhaW50aW5nLW51YWdlcy0yLmpwZyIsInNsaWRlc2hvdyI6ImMyZGVlYmYifQ%3D%3D\" href='https:\/\/soizicseon.fr\/wp-content\/uploads\/2025\/07\/pulp-painting-nuages-2.jpg'><img width=\"690\" height=\"746\" src=\"https:\/\/soizicseon.fr\/wp-content\/uploads\/2025\/07\/pulp-painting-nuages-2-690x746.jpg\" class=\"attachment-portfolio-large size-portfolio-large\" alt=\"\" decoding=\"async\" loading=\"lazy\" srcset=\"https:\/\/soizicseon.fr\/wp-content\/uploads\/2025\/07\/pulp-painting-nuages-2-690x746.jpg 690w, https:\/\/soizicseon.fr\/wp-content\/uploads\/2025\/07\/pulp-painting-nuages-2-277x300.jpg 277w, https:\/\/soizicseon.fr\/wp-content\/uploads\/2025\/07\/pulp-painting-nuages-2-947x1024.jpg 947w, https:\/\/soizicseon.fr\/wp-content\/uploads\/2025\/07\/pulp-painting-nuages-2-768x831.jpg 768w, https:\/\/soizicseon.fr\/wp-content\/uploads\/2025\/07\/pulp-painting-nuages-2-980x1060.jpg 980w, https:\/\/soizicseon.fr\/wp-content\/uploads\/2025\/07\/pulp-painting-nuages-2.jpg 1006w\" sizes=\"(max-width: 690px) 100vw, 690px\" \/><\/a>\n\t\t\t<\/div><\/figure><figure class='gallery-item'>\n\t\t\t<div class='gallery-icon portrait'>\n\t\t\t\t<a data-elementor-open-lightbox=\"yes\" data-elementor-lightbox-slideshow=\"c2deebf\" data-elementor-lightbox-title=\"pulp painting vague 1 ok\" data-e-action-hash=\"#elementor-action%3Aaction%3Dlightbox%26settings%3DeyJpZCI6MTAwMiwidXJsIjoiaHR0cHM6XC9cL3NvaXppY3Nlb24uZnJcL3dwLWNvbnRlbnRcL3VwbG9hZHNcLzIwMjVcLzA3XC9wdWxwLXBhaW50aW5nLXZhZ3VlLTEtb2suanBnIiwic2xpZGVzaG93IjoiYzJkZWViZiJ9\" href='https:\/\/soizicseon.fr\/wp-content\/uploads\/2025\/07\/pulp-painting-vague-1-ok.jpg'><img width=\"690\" height=\"761\" src=\"https:\/\/soizicseon.fr\/wp-content\/uploads\/2025\/07\/pulp-painting-vague-1-ok-690x761.jpg\" class=\"attachment-portfolio-large size-portfolio-large\" alt=\"\" decoding=\"async\" loading=\"lazy\" srcset=\"https:\/\/soizicseon.fr\/wp-content\/uploads\/2025\/07\/pulp-painting-vague-1-ok-690x761.jpg 690w, https:\/\/soizicseon.fr\/wp-content\/uploads\/2025\/07\/pulp-painting-vague-1-ok-272x300.jpg 272w, https:\/\/soizicseon.fr\/wp-content\/uploads\/2025\/07\/pulp-painting-vague-1-ok-929x1024.jpg 929w, https:\/\/soizicseon.fr\/wp-content\/uploads\/2025\/07\/pulp-painting-vague-1-ok-768x847.jpg 768w, https:\/\/soizicseon.fr\/wp-content\/uploads\/2025\/07\/pulp-painting-vague-1-ok.jpg 978w\" sizes=\"(max-width: 690px) 100vw, 690px\" \/><\/a>\n\t\t\t<\/div><\/figure><figure class='gallery-item'>\n\t\t\t<div class='gallery-icon portrait'>\n\t\t\t\t<a data-elementor-open-lightbox=\"yes\" data-elementor-lightbox-slideshow=\"c2deebf\" data-elementor-lightbox-title=\"pulp painting montagne 1\" data-e-action-hash=\"#elementor-action%3Aaction%3Dlightbox%26settings%3DeyJpZCI6MTAwMCwidXJsIjoiaHR0cHM6XC9cL3NvaXppY3Nlb24uZnJcL3dwLWNvbnRlbnRcL3VwbG9hZHNcLzIwMjVcLzA3XC9wdWxwLXBhaW50aW5nLW1vbnRhZ25lLTEuanBnIiwic2xpZGVzaG93IjoiYzJkZWViZiJ9\" href='https:\/\/soizicseon.fr\/wp-content\/uploads\/2025\/07\/pulp-painting-montagne-1.jpg'><img width=\"690\" height=\"761\" src=\"https:\/\/soizicseon.fr\/wp-content\/uploads\/2025\/07\/pulp-painting-montagne-1-690x761.jpg\" class=\"attachment-portfolio-large size-portfolio-large\" alt=\"\" decoding=\"async\" loading=\"lazy\" srcset=\"https:\/\/soizicseon.fr\/wp-content\/uploads\/2025\/07\/pulp-painting-montagne-1-690x761.jpg 690w, https:\/\/soizicseon.fr\/wp-content\/uploads\/2025\/07\/pulp-painting-montagne-1-272x300.jpg 272w, https:\/\/soizicseon.fr\/wp-content\/uploads\/2025\/07\/pulp-painting-montagne-1-929x1024.jpg 929w, https:\/\/soizicseon.fr\/wp-content\/uploads\/2025\/07\/pulp-painting-montagne-1-768x847.jpg 768w, https:\/\/soizicseon.fr\/wp-content\/uploads\/2025\/07\/pulp-painting-montagne-1-980x1081.jpg 980w, https:\/\/soizicseon.fr\/wp-content\/uploads\/2025\/07\/pulp-painting-montagne-1.jpg 992w\" sizes=\"(max-width: 690px) 100vw, 690px\" \/><\/a>\n\t\t\t<\/div><\/figure><figure class='gallery-item'>\n\t\t\t<div class='gallery-icon portrait'>\n\t\t\t\t<a data-elementor-open-lightbox=\"yes\" data-elementor-lightbox-slideshow=\"c2deebf\" data-elementor-lightbox-title=\"pulp painting nuages 4\" data-e-action-hash=\"#elementor-action%3Aaction%3Dlightbox%26settings%3DeyJpZCI6OTk3LCJ1cmwiOiJodHRwczpcL1wvc29pemljc2Vvbi5mclwvd3AtY29udGVudFwvdXBsb2Fkc1wvMjAyNVwvMDdcL3B1bHAtcGFpbnRpbmctbnVhZ2VzLTQtMS5wbmciLCJzbGlkZXNob3ciOiJjMmRlZWJmIn0%3D\" href='https:\/\/soizicseon.fr\/wp-content\/uploads\/2025\/07\/pulp-painting-nuages-4-1.png'><img width=\"690\" height=\"707\" src=\"https:\/\/soizicseon.fr\/wp-content\/uploads\/2025\/07\/pulp-painting-nuages-4-1-690x707.png\" class=\"attachment-portfolio-large size-portfolio-large\" alt=\"\" decoding=\"async\" loading=\"lazy\" srcset=\"https:\/\/soizicseon.fr\/wp-content\/uploads\/2025\/07\/pulp-painting-nuages-4-1-690x707.png 690w, https:\/\/soizicseon.fr\/wp-content\/uploads\/2025\/07\/pulp-painting-nuages-4-1-293x300.png 293w, https:\/\/soizicseon.fr\/wp-content\/uploads\/2025\/07\/pulp-painting-nuages-4-1-1000x1024.png 1000w, https:\/\/soizicseon.fr\/wp-content\/uploads\/2025\/07\/pulp-painting-nuages-4-1-768x787.png 768w, https:\/\/soizicseon.fr\/wp-content\/uploads\/2025\/07\/pulp-painting-nuages-4-1.png 1070w\" sizes=\"(max-width: 690px) 100vw, 690px\" \/><\/a>\n\t\t\t<\/div><\/figure><figure class='gallery-item'>\n\t\t\t<div class='gallery-icon portrait'>\n\t\t\t\t<a data-elementor-open-lightbox=\"yes\" data-elementor-lightbox-slideshow=\"c2deebf\" data-elementor-lightbox-title=\"pulp painting nuages 3\" data-e-action-hash=\"#elementor-action%3Aaction%3Dlightbox%26settings%3DeyJpZCI6MTAwMSwidXJsIjoiaHR0cHM6XC9cL3NvaXppY3Nlb24uZnJcL3dwLWNvbnRlbnRcL3VwbG9hZHNcLzIwMjVcLzA3XC9wdWxwLXBhaW50aW5nLW51YWdlcy0zLmpwZyIsInNsaWRlc2hvdyI6ImMyZGVlYmYifQ%3D%3D\" href='https:\/\/soizicseon.fr\/wp-content\/uploads\/2025\/07\/pulp-painting-nuages-3.jpg'><img width=\"690\" height=\"711\" src=\"https:\/\/soizicseon.fr\/wp-content\/uploads\/2025\/07\/pulp-painting-nuages-3-690x711.jpg\" class=\"attachment-portfolio-large size-portfolio-large\" alt=\"\" decoding=\"async\" loading=\"lazy\" srcset=\"https:\/\/soizicseon.fr\/wp-content\/uploads\/2025\/07\/pulp-painting-nuages-3-690x711.jpg 690w, https:\/\/soizicseon.fr\/wp-content\/uploads\/2025\/07\/pulp-painting-nuages-3-291x300.jpg 291w, https:\/\/soizicseon.fr\/wp-content\/uploads\/2025\/07\/pulp-painting-nuages-3-994x1024.jpg 994w, https:\/\/soizicseon.fr\/wp-content\/uploads\/2025\/07\/pulp-painting-nuages-3-768x791.jpg 768w, https:\/\/soizicseon.fr\/wp-content\/uploads\/2025\/07\/pulp-painting-nuages-3-980x1009.jpg 980w, https:\/\/soizicseon.fr\/wp-content\/uploads\/2025\/07\/pulp-painting-nuages-3.jpg 1070w\" sizes=\"(max-width: 690px) 100vw, 690px\" \/><\/a>\n\t\t\t<\/div><\/figure><figure class='gallery-item'>\n\t\t\t<div class='gallery-icon portrait'>\n\t\t\t\t<a data-elementor-open-lightbox=\"yes\" data-elementor-lightbox-slideshow=\"c2deebf\" data-elementor-lightbox-title=\"pulp painting nuages 1\" data-e-action-hash=\"#elementor-action%3Aaction%3Dlightbox%26settings%3DeyJpZCI6OTk0LCJ1cmwiOiJodHRwczpcL1wvc29pemljc2Vvbi5mclwvd3AtY29udGVudFwvdXBsb2Fkc1wvMjAyNVwvMDdcL3B1bHAtcGFpbnRpbmctbnVhZ2VzLTEucG5nIiwic2xpZGVzaG93IjoiYzJkZWViZiJ9\" href='https:\/\/soizicseon.fr\/wp-content\/uploads\/2025\/07\/pulp-painting-nuages-1.png'><img width=\"690\" height=\"737\" src=\"https:\/\/soizicseon.fr\/wp-content\/uploads\/2025\/07\/pulp-painting-nuages-1-690x737.png\" class=\"attachment-portfolio-large size-portfolio-large\" alt=\"\" decoding=\"async\" loading=\"lazy\" srcset=\"https:\/\/soizicseon.fr\/wp-content\/uploads\/2025\/07\/pulp-painting-nuages-1-690x737.png 690w, https:\/\/soizicseon.fr\/wp-content\/uploads\/2025\/07\/pulp-painting-nuages-1-281x300.png 281w, https:\/\/soizicseon.fr\/wp-content\/uploads\/2025\/07\/pulp-painting-nuages-1-959x1024.png 959w, https:\/\/soizicseon.fr\/wp-content\/uploads\/2025\/07\/pulp-painting-nuages-1-768x820.png 768w, https:\/\/soizicseon.fr\/wp-content\/uploads\/2025\/07\/pulp-painting-nuages-1-980x1046.png 980w, https:\/\/soizicseon.fr\/wp-content\/uploads\/2025\/07\/pulp-painting-nuages-1.png 994w\" sizes=\"(max-width: 690px) 100vw, 690px\" \/><\/a>\n\t\t\t<\/div><\/figure>\n\t\t<\/div>\n\t\t<\/div>\n\t\t\t\t<\/div>\n\t\t\t\t<\/div>\n\t\t\t\t\t<\/div>\n\t\t<\/div>\n\t\t\t\t\t\t\t<\/div>\n\t\t<\/section>\n\t\t\t\t<section class=\"elementor-section elementor-top-section elementor-element elementor-element-52c1a07 elementor-section-boxed elementor-section-height-default elementor-section-height-default\" data-id=\"52c1a07\" data-element_type=\"section\">\n\t\t\t\t\t\t<div class=\"elementor-container elementor-column-gap-default\">\n\t\t\t\t\t<div class=\"elementor-column elementor-col-50 elementor-top-column elementor-element elementor-element-3eedc38\" data-id=\"3eedc38\" data-element_type=\"column\">\n\t\t\t<div class=\"elementor-widget-wrap elementor-element-populated\">\n\t\t\t\t\t\t\t\t<div class=\"elementor-element elementor-element-14f0b97 elementor-widget elementor-widget-image\" data-id=\"14f0b97\" data-element_type=\"widget\" data-widget_type=\"image.default\">\n\t\t\t\t<div class=\"elementor-widget-container\">\n\t\t\t\t\t\t\t\t\t\t\t\t\t\t\t<img decoding=\"async\" loading=\"lazy\" width=\"768\" height=\"1024\" src=\"https:\/\/soizicseon.fr\/wp-content\/uploads\/2025\/07\/pulp-painting-mer-768x1024.jpg\" class=\"attachment-large size-large wp-image-1007\" alt=\"\" srcset=\"https:\/\/soizicseon.fr\/wp-content\/uploads\/2025\/07\/pulp-painting-mer-768x1024.jpg 768w, https:\/\/soizicseon.fr\/wp-content\/uploads\/2025\/07\/pulp-painting-mer-225x300.jpg 225w, https:\/\/soizicseon.fr\/wp-content\/uploads\/2025\/07\/pulp-painting-mer-1152x1536.jpg 1152w, https:\/\/soizicseon.fr\/wp-content\/uploads\/2025\/07\/pulp-painting-mer-1536x2048.jpg 1536w, https:\/\/soizicseon.fr\/wp-content\/uploads\/2025\/07\/pulp-painting-mer-690x920.jpg 690w, https:\/\/soizicseon.fr\/wp-content\/uploads\/2025\/07\/pulp-painting-mer-980x1307.jpg 980w, https:\/\/soizicseon.fr\/wp-content\/uploads\/2025\/07\/pulp-painting-mer-scaled.jpg 1920w\" sizes=\"(max-width: 768px) 100vw, 768px\" \/>\t\t\t\t\t\t\t\t\t\t\t\t\t\t\t<\/div>\n\t\t\t\t<\/div>\n\t\t\t\t\t<\/div>\n\t\t<\/div>\n\t\t\t\t<div class=\"elementor-column elementor-col-50 elementor-top-column elementor-element elementor-element-20f1c06\" data-id=\"20f1c06\" data-element_type=\"column\">\n\t\t\t<div class=\"elementor-widget-wrap elementor-element-populated\">\n\t\t\t\t\t\t\t\t<div class=\"elementor-element elementor-element-8062130 elementor-widget elementor-widget-image\" data-id=\"8062130\" data-element_type=\"widget\" data-widget_type=\"image.default\">\n\t\t\t\t<div class=\"elementor-widget-container\">\n\t\t\t\t\t\t\t\t\t\t\t\t\t\t\t<img decoding=\"async\" loading=\"lazy\" width=\"768\" height=\"1024\" src=\"https:\/\/soizicseon.fr\/wp-content\/uploads\/2025\/07\/pulp-painting-paysage-nuit-768x1024.jpg\" class=\"attachment-large size-large wp-image-1008\" alt=\"\" srcset=\"https:\/\/soizicseon.fr\/wp-content\/uploads\/2025\/07\/pulp-painting-paysage-nuit-768x1024.jpg 768w, https:\/\/soizicseon.fr\/wp-content\/uploads\/2025\/07\/pulp-painting-paysage-nuit-225x300.jpg 225w, https:\/\/soizicseon.fr\/wp-content\/uploads\/2025\/07\/pulp-painting-paysage-nuit-1152x1536.jpg 1152w, https:\/\/soizicseon.fr\/wp-content\/uploads\/2025\/07\/pulp-painting-paysage-nuit-1536x2048.jpg 1536w, https:\/\/soizicseon.fr\/wp-content\/uploads\/2025\/07\/pulp-painting-paysage-nuit-690x920.jpg 690w, https:\/\/soizicseon.fr\/wp-content\/uploads\/2025\/07\/pulp-painting-paysage-nuit-980x1307.jpg 980w, https:\/\/soizicseon.fr\/wp-content\/uploads\/2025\/07\/pulp-painting-paysage-nuit-scaled.jpg 1920w\" sizes=\"(max-width: 768px) 100vw, 768px\" \/>\t\t\t\t\t\t\t\t\t\t\t\t\t\t\t<\/div>\n\t\t\t\t<\/div>\n\t\t\t\t\t<\/div>\n\t\t<\/div>\n\t\t\t\t\t\t\t<\/div>\n\t\t<\/section>\n\t\t\t\t<section class=\"elementor-section elementor-top-section elementor-element elementor-element-4e300a3 elementor-section-boxed elementor-section-height-default elementor-section-height-default\" data-id=\"4e300a3\" data-element_type=\"section\">\n\t\t\t\t\t\t<div class=\"elementor-container elementor-column-gap-default\">\n\t\t\t\t\t<div class=\"elementor-column elementor-col-100 elementor-top-column elementor-element elementor-element-0a5e78a\" data-id=\"0a5e78a\" data-element_type=\"column\">\n\t\t\t<div class=\"elementor-widget-wrap elementor-element-populated\">\n\t\t\t\t\t\t\t\t<div class=\"elementor-element elementor-element-67ea531 elementor-widget elementor-widget-image\" data-id=\"67ea531\" data-element_type=\"widget\" data-widget_type=\"image.default\">\n\t\t\t\t<div class=\"elementor-widget-container\">\n\t\t\t\t\t\t\t\t\t\t\t\t\t\t\t<img decoding=\"async\" loading=\"lazy\" width=\"980\" height=\"735\" src=\"https:\/\/soizicseon.fr\/wp-content\/uploads\/2025\/07\/pulp-painting-vague-4-1024x768.jpg\" class=\"attachment-large size-large wp-image-1013\" alt=\"\" srcset=\"https:\/\/soizicseon.fr\/wp-content\/uploads\/2025\/07\/pulp-painting-vague-4-1024x768.jpg 1024w, https:\/\/soizicseon.fr\/wp-content\/uploads\/2025\/07\/pulp-painting-vague-4-300x225.jpg 300w, https:\/\/soizicseon.fr\/wp-content\/uploads\/2025\/07\/pulp-painting-vague-4-768x576.jpg 768w, https:\/\/soizicseon.fr\/wp-content\/uploads\/2025\/07\/pulp-painting-vague-4-1536x1152.jpg 1536w, https:\/\/soizicseon.fr\/wp-content\/uploads\/2025\/07\/pulp-painting-vague-4-2048x1536.jpg 2048w, https:\/\/soizicseon.fr\/wp-content\/uploads\/2025\/07\/pulp-painting-vague-4-690x518.jpg 690w, https:\/\/soizicseon.fr\/wp-content\/uploads\/2025\/07\/pulp-painting-vague-4-980x735.jpg 980w\" sizes=\"(max-width: 980px) 100vw, 980px\" \/>\t\t\t\t\t\t\t\t\t\t\t\t\t\t\t<\/div>\n\t\t\t\t<\/div>\n\t\t\t\t\t<\/div>\n\t\t<\/div>\n\t\t\t\t\t\t\t<\/div>\n\t\t<\/section>\n\t\t\t\t\t\t\t<\/div>\n\t\t","protected":false},"excerpt":{"rendered":"<p>De la fibre v\u00e9g\u00e9tale, beaucoup d&rsquo;eau, un peu de mucilage et de l&rsquo;inspiration pour ces tableaux de cellulose &#8211; cr\u00e9ations 2D r\u00e9alis\u00e9es comme une feuille de papier artistique. L&rsquo;eau sugg\u00e8re naturellement les th\u00e8mes des tableaux. De nouveau, les vagues, les nuages et l&rsquo;\u00e9cume m&#8217;embarquent. Ces \u00ab\u00a0peintures de papiers\u00a0\u00bb incluent de la fibre de m\u00fbrier (kozo), [&hellip;]<\/p>\n","protected":false},"author":1,"featured_media":0,"parent":0,"menu_order":0,"comment_status":"closed","ping_status":"closed","template":"","meta":{"jetpack_post_was_ever_published":false,"footnotes":""},"jetpack_sharing_enabled":true,"jetpack_shortlink":"https:\/\/wp.me\/Pa6yYa-g0","_links":{"self":[{"href":"https:\/\/soizicseon.fr\/index.php\/wp-json\/wp\/v2\/pages\/992"}],"collection":[{"href":"https:\/\/soizicseon.fr\/index.php\/wp-json\/wp\/v2\/pages"}],"about":[{"href":"https:\/\/soizicseon.fr\/index.php\/wp-json\/wp\/v2\/types\/page"}],"author":[{"embeddable":true,"href":"https:\/\/soizicseon.fr\/index.php\/wp-json\/wp\/v2\/users\/1"}],"replies":[{"embeddable":true,"href":"https:\/\/soizicseon.fr\/index.php\/wp-json\/wp\/v2\/comments?post=992"}],"version-history":[{"count":16,"href":"https:\/\/soizicseon.fr\/index.php\/wp-json\/wp\/v2\/pages\/992\/revisions"}],"predecessor-version":[{"id":1204,"href":"https:\/\/soizicseon.fr\/index.php\/wp-json\/wp\/v2\/pages\/992\/revisions\/1204"}],"wp:attachment":[{"href":"https:\/\/soizicseon.fr\/index.php\/wp-json\/wp\/v2\/media?parent=992"}],"curies":[{"name":"wp","href":"https:\/\/api.w.org\/{rel}","templated":true}]}}